{"id":102,"date":"2023-04-05T14:50:05","date_gmt":"2023-04-05T14:50:05","guid":{"rendered":"https:\/\/grupocoba.com.ar\/?page_id=102"},"modified":"2023-10-19T13:57:43","modified_gmt":"2023-10-19T13:57:43","slug":"coba-nutricion","status":"publish","type":"page","link":"https:\/\/grupocoba.com.ar\/index.php\/coba-nutricion\/","title":{"rendered":"COBA Nutrici\u00f3n"},"content":{"rendered":"<p>[et_pb_section fb_built=\u00bb1&#8243; admin_label=\u00bbsection\u00bb _builder_version=\u00bb4.20.2&#8243; background_color=\u00bbrgba(0,4,86,0.44)\u00bb background_image=\u00bbhttps:\/\/grupocoba.com.ar\/wp-content\/uploads\/2023\/04\/Diseno-sin-titulo-5.png\u00bb background_position=\u00bbbottom_center\u00bb background_vertical_offset=\u00bb56%\u00bb background_blend=\u00bbmultiply\u00bb min_height=\u00bb261px\u00bb height=\u00bb307px\u00bb bottom_divider_height=\u00bb82px\u00bb border_width_bottom=\u00bb7px\u00bb border_color_bottom=\u00bb#00a95f\u00bb box_shadow_style=\u00bbpreset1&#8243; global_colors_info=\u00bb{}\u00bb][et_pb_row column_structure=\u00bb1_2,1_2&#8243; admin_label=\u00bbrow\u00bb _builder_version=\u00bb4.20.2&#8243; background_size=\u00bbinitial\u00bb background_position=\u00bbtop_left\u00bb background_repeat=\u00bbrepeat\u00bb custom_margin=\u00bb-44px||||false|false\u00bb global_colors_info=\u00bb{}\u00bb][et_pb_column type=\u00bb1_2&#8243; _builder_version=\u00bb4.16&#8243; custom_padding=\u00bb|||\u00bb global_colors_info=\u00bb{}\u00bb custom_padding__hover=\u00bb|||\u00bb][et_pb_image src=\u00bbhttps:\/\/grupocoba.com.ar\/wp-content\/uploads\/2023\/04\/Coba-BLANCO.png\u00bb title_text=\u00bbCoba-BLANCO\u00bb align=\u00bbright\u00bb _builder_version=\u00bb4.20.2&#8243; _module_preset=\u00bbdefault\u00bb width_tablet=\u00bb\u00bb width_phone=\u00bb\u00bb width_last_edited=\u00bbon|phone\u00bb max_width_tablet=\u00bb\u00bb max_width_phone=\u00bb24%\u00bb max_width_last_edited=\u00bbon|phone\u00bb min_height_tablet=\u00bb\u00bb min_height_phone=\u00bb\u00bb min_height_last_edited=\u00bbon|phone\u00bb height_tablet=\u00bb\u00bb height_phone=\u00bb\u00bb height_last_edited=\u00bbon|phone\u00bb max_height_tablet=\u00bb\u00bb max_height_phone=\u00bb\u00bb max_height_last_edited=\u00bbon|phone\u00bb custom_margin=\u00bb0px||||false|false\u00bb module_alignment_tablet=\u00bb\u00bb module_alignment_phone=\u00bb\u00bb module_alignment_last_edited=\u00bbon|phone\u00bb global_colors_info=\u00bb{}\u00bb][\/et_pb_image][\/et_pb_column][et_pb_column type=\u00bb1_2&#8243; _builder_version=\u00bb4.16&#8243; custom_padding=\u00bb|||\u00bb global_colors_info=\u00bb{}\u00bb custom_padding__hover=\u00bb|||\u00bb][et_pb_text _builder_version=\u00bb4.20.2&#8243; _module_preset=\u00bbdefault\u00bb text_font=\u00bbMontserrat|800|||||||\u00bb text_text_color=\u00bb#FFFFFF\u00bb text_font_size=\u00bb50px\u00bb text_line_height=\u00bb1em\u00bb custom_margin=\u00bb84px||||false|false\u00bb custom_margin_tablet=\u00bb84px||||false|false\u00bb custom_margin_phone=\u00bb-53px||||false|false\u00bb custom_margin_last_edited=\u00bbon|phone\u00bb text_font_size_tablet=\u00bb50px\u00bb text_font_size_phone=\u00bb35px\u00bb text_font_size_last_edited=\u00bbon|phone\u00bb global_colors_info=\u00bb{}\u00bb]<\/p>\n<p><span style=\"color: #00a95f;\"><img loading=\"lazy\" decoding=\"async\" src=\"https:\/\/grupocoba.com.ar\/wp-content\/uploads\/2023\/04\/icono-coba-300x242.png\" width=\"57\" height=\"46\" alt=\"\" class=\"wp-image-254 alignnone size-medium\" style=\"color: #333333;\" srcset=\"https:\/\/grupocoba.com.ar\/wp-content\/uploads\/2023\/04\/icono-coba-300x242.png 300w, https:\/\/grupocoba.com.ar\/wp-content\/uploads\/2023\/04\/icono-coba.png 316w\" sizes=\"(max-width: 57px) 100vw, 57px\" \/>C<\/span><span style=\"color: #00a95f;\">OBA<\/span> NUTRICI\u00d3N<\/p>\n<p>[\/et_pb_text][et_pb_text _builder_version=\u00bb4.20.2&#8243; _module_preset=\u00bbdefault\u00bb text_font=\u00bbMontserrat||||||||\u00bb text_text_color=\u00bb#FFFFFF\u00bb text_font_size=\u00bb27px\u00bb custom_margin=\u00bb-12px||||false|false\u00bb text_font_size_tablet=\u00bb27px\u00bb text_font_size_phone=\u00bb17px\u00bb text_font_size_last_edited=\u00bbon|phone\u00bb text_line_height_tablet=\u00bb\u00bb text_line_height_phone=\u00bb1.1em\u00bb text_line_height_last_edited=\u00bbon|phone\u00bb global_colors_info=\u00bb{}\u00bb]<\/p>\n<p style=\"text-align: left;\">Creamos la alimentaci\u00f3n del futuro<\/p>\n<p>[\/et_pb_text][\/et_pb_column][\/et_pb_row][\/et_pb_section][et_pb_section fb_built=\u00bb1&#8243; _builder_version=\u00bb4.20.2&#8243; _module_preset=\u00bbdefault\u00bb background_color=\u00bbrgba(124,218,36,0.08)\u00bb background_enable_mask_style=\u00bbon\u00bb background_mask_style=\u00bbcorner-paint\u00bb min_height=\u00bb711px\u00bb global_colors_info=\u00bb{}\u00bb][et_pb_row column_structure=\u00bb1_2,1_2&#8243; use_custom_gutter=\u00bbon\u00bb gutter_width=\u00bb2&#8243; make_equal=\u00bbon\u00bb _builder_version=\u00bb4.20.2&#8243; width=\u00bb100%\u00bb width_tablet=\u00bb90%\u00bb width_phone=\u00bb90%\u00bb width_last_edited=\u00bbon|tablet\u00bb max_width=\u00bb1310px\u00bb max_width_tablet=\u00bb90%\u00bb max_width_phone=\u00bb90%\u00bb max_width_last_edited=\u00bbon|desktop\u00bb custom_margin=\u00bb-104px||||false|false\u00bb custom_padding=\u00bb90px||||false|false\u00bb animation_style=\u00bbfade\u00bb global_colors_info=\u00bb{}\u00bb][et_pb_column type=\u00bb1_2&#8243; _builder_version=\u00bb4.20.2&#8243; background_enable_image=\u00bboff\u00bb border_radii=\u00bbon|10px|10px|10px|10px\u00bb global_colors_info=\u00bb{}\u00bb][et_pb_image src=\u00bbhttps:\/\/grupocoba.com.ar\/wp-content\/uploads\/2023\/04\/aditivo-nutricional-en-base-a-Glicerol-2.gif\u00bb title_text=\u00bbaditivo nutricional en base a Glicerol (2)\u00bb _builder_version=\u00bb4.20.2&#8243; _module_preset=\u00bbdefault\u00bb custom_margin=\u00bb0px||||false|false\u00bb custom_margin_tablet=\u00bb0px||||false|false\u00bb custom_margin_phone=\u00bb28px|||27px|false|false\u00bb custom_margin_last_edited=\u00bbon|phone\u00bb animation_style=\u00bbfade\u00bb animation_duration=\u00bb1650ms\u00bb global_colors_info=\u00bb{}\u00bb][\/et_pb_image][et_pb_image src=\u00bbhttps:\/\/grupocoba.com.ar\/wp-content\/uploads\/2023\/04\/bolsa-ok-.png\u00bb title_text=\u00bbbolsa-ok-\u00bb _builder_version=\u00bb4.20.2&#8243; _module_preset=\u00bbdefault\u00bb width=\u00bb91%\u00bb custom_margin=\u00bb-142px||||false|false\u00bb custom_margin_tablet=\u00bb-142px||||false|false\u00bb custom_margin_phone=\u00bb-98px||||false|false\u00bb custom_margin_last_edited=\u00bbon|phone\u00bb animation_style=\u00bbflip\u00bb global_colors_info=\u00bb{}\u00bb][\/et_pb_image][\/et_pb_column][et_pb_column type=\u00bb1_2&#8243; _builder_version=\u00bb4.16&#8243; custom_padding=\u00bb100px||100px|30px|true|false\u00bb custom_padding_tablet=\u00bb40px||40px|0px|true|false\u00bb custom_padding_phone=\u00bb30px||30px|0px|true|false\u00bb custom_padding_last_edited=\u00bbon|phone\u00bb global_colors_info=\u00bb{}\u00bb][et_pb_text _builder_version=\u00bb4.20.2&#8243; header_4_font=\u00bbMontserrat|800|||||||\u00bb header_4_text_color=\u00bb#000000&#8243; header_4_font_size=\u00bb45px\u00bb custom_margin=\u00bb-51px||||false|false\u00bb custom_margin_tablet=\u00bb-10px||||false|false\u00bb custom_margin_phone=\u00bb-10px||||false|false\u00bb custom_margin_last_edited=\u00bbon|phone\u00bb header_4_text_align_tablet=\u00bb\u00bb header_4_text_align_phone=\u00bbcenter\u00bb header_4_text_align_last_edited=\u00bbon|phone\u00bb header_4_font_size_tablet=\u00bb\u00bb header_4_font_size_phone=\u00bb30px\u00bb header_4_font_size_last_edited=\u00bbon|phone\u00bb global_colors_info=\u00bb{}\u00bb]<\/p>\n<h4>SUPLEMENTO ENERG\u00c9TICO<\/h4>\n<p>[\/et_pb_text][et_pb_text _builder_version=\u00bb4.20.2&#8243; text_font=\u00bbMontserrat|600|||||||\u00bb text_text_color=\u00bb#00a95a\u00bb text_font_size=\u00bb18px\u00bb text_line_height=\u00bb1.4em\u00bb custom_margin=\u00bb5px||||false|false\u00bb custom_margin_tablet=\u00bb-10px||||false|false\u00bb custom_margin_phone=\u00bb-10px||||false|false\u00bb custom_margin_last_edited=\u00bbon|phone\u00bb text_orientation_tablet=\u00bb\u00bb text_orientation_phone=\u00bbcenter\u00bb text_orientation_last_edited=\u00bbon|phone\u00bb global_colors_info=\u00bb{}\u00bb]<\/p>\n<p>Suplemento Energ\u00e9tico Coba es un aditivo nutricional para bovinos<\/p>\n<p>[\/et_pb_text][et_pb_blurb title=\u00bbNueva forma de Energ\u00eda para Rumiantes\u00bb image=\u00bbhttps:\/\/grupocoba.com.ar\/wp-content\/uploads\/2023\/04\/icono-coba.png\u00bb icon_placement=\u00bbleft\u00bb image_icon_width=\u00bb28px\u00bb content_max_width=\u00bb100%\u00bb _builder_version=\u00bb4.20.2&#8243; header_font=\u00bbMontserrat||||||||\u00bb header_text_align=\u00bbleft\u00bb header_text_color=\u00bb#8a8a8a\u00bb header_font_size=\u00bb15px\u00bb header_line_height=\u00bb1.5em\u00bb custom_margin=\u00bb33px||||false|false\u00bb animation=\u00bboff\u00bb image_max_width=\u00bb20px\u00bb global_colors_info=\u00bb{}\u00bb][\/et_pb_blurb][et_pb_blurb title=\u00bbPreviene des\u00f3rdenes metab\u00f3licos como cetosis, acidosis ruminal subaguda (SARA) e hipocalcemia.\u00bb image=\u00bbhttps:\/\/grupocoba.com.ar\/wp-content\/uploads\/2023\/04\/icono-coba.png\u00bb icon_placement=\u00bbleft\u00bb image_icon_width=\u00bb28px\u00bb content_max_width=\u00bb100%\u00bb _builder_version=\u00bb4.20.2&#8243; header_font=\u00bbMontserrat||||||||\u00bb header_text_align=\u00bbleft\u00bb header_text_color=\u00bb#8a8a8a\u00bb header_font_size=\u00bb15px\u00bb header_line_height=\u00bb1.5em\u00bb custom_margin=\u00bb-8px||||false|false\u00bb animation=\u00bboff\u00bb image_max_width=\u00bb20px\u00bb global_colors_info=\u00bb{}\u00bb][\/et_pb_blurb][et_pb_blurb title=\u00bbFuente de Calcio de alta Biodisponibilidad\u00bb image=\u00bbhttps:\/\/grupocoba.com.ar\/wp-content\/uploads\/2023\/04\/icono-coba.png\u00bb icon_placement=\u00bbleft\u00bb image_icon_width=\u00bb28px\u00bb content_max_width=\u00bb100%\u00bb _builder_version=\u00bb4.20.2&#8243; header_font=\u00bbMontserrat||||||||\u00bb header_text_align=\u00bbleft\u00bb header_text_color=\u00bb#8a8a8a\u00bb header_font_size=\u00bb15px\u00bb header_line_height=\u00bb1.5em\u00bb custom_margin=\u00bb-8px||||false|false\u00bb animation=\u00bboff\u00bb image_max_width=\u00bb20px\u00bb global_colors_info=\u00bb{}\u00bb][\/et_pb_blurb][et_pb_blurb title=\u00bbFunciona como Buffer\u00bb image=\u00bbhttps:\/\/grupocoba.com.ar\/wp-content\/uploads\/2023\/04\/icono-coba.png\u00bb icon_placement=\u00bbleft\u00bb image_icon_width=\u00bb28px\u00bb content_max_width=\u00bb100%\u00bb _builder_version=\u00bb4.20.2&#8243; header_font=\u00bbMontserrat||||||||\u00bb header_text_align=\u00bbleft\u00bb header_text_color=\u00bb#8a8a8a\u00bb header_font_size=\u00bb15px\u00bb header_line_height=\u00bb1.5em\u00bb custom_margin=\u00bb-8px||||false|false\u00bb animation=\u00bboff\u00bb image_max_width=\u00bb20px\u00bb global_colors_info=\u00bb{}\u00bb][\/et_pb_blurb][\/et_pb_column][\/et_pb_row][et_pb_row column_structure=\u00bb1_2,1_2&#8243; use_custom_gutter=\u00bbon\u00bb gutter_width=\u00bb1&#8243; module_class=\u00bbbtn-inline\u00bb _builder_version=\u00bb4.20.2&#8243; _module_preset=\u00bbdefault\u00bb width=\u00bb90%\u00bb max_width=\u00bb1170px\u00bb module_alignment=\u00bbright\u00bb custom_margin=\u00bb-101px|26px|0px||false|false\u00bb custom_padding=\u00bb0px||0px||false|false\u00bb animation_direction=\u00bbbottom\u00bb custom_css_main_element=\u00bbtext-align:center;\u00bb global_colors_info=\u00bb{}\u00bb][et_pb_column type=\u00bb1_2&#8243; _builder_version=\u00bb4.16&#8243; _module_preset=\u00bbdefault\u00bb global_colors_info=\u00bb{}\u00bb][et_pb_button button_url=\u00bbhttps:\/\/grupocoba.com.ar\/wp-content\/uploads\/2023\/04\/Suplemento-Energetico-COBA-Info-Tecnica-1.pdf\u00bb url_new_window=\u00bbon\u00bb button_text=\u00bbFicha T\u00e9cnica\u00bb button_alignment=\u00bbright\u00bb button_alignment_tablet=\u00bbcenter\u00bb button_alignment_phone=\u00bbcenter\u00bb button_alignment_last_edited=\u00bbon|phone\u00bb _builder_version=\u00bb4.20.2&#8243; _module_preset=\u00bbdefault\u00bb custom_button=\u00bbon\u00bb button_text_size=\u00bb14px\u00bb button_text_color=\u00bb#FFFFFF\u00bb button_bg_color=\u00bb#6a961f\u00bb button_border_width=\u00bb1px\u00bb button_border_color=\u00bb#6a961f\u00bb button_border_radius=\u00bb0px\u00bb button_font=\u00bbLexend Deca||||||||\u00bb button_use_icon=\u00bboff\u00bb background_layout=\u00bbdark\u00bb custom_margin=\u00bb0px|7px|0px||false|false\u00bb custom_margin_tablet=\u00bb0px|0px|0px||false|false\u00bb custom_margin_phone=\u00bb21px|0px|0px||false|false\u00bb custom_margin_last_edited=\u00bbon|phone\u00bb custom_padding=\u00bb20px|35px|18px|35px|false|false\u00bb custom_padding_tablet=\u00bb20px|35px|18px|35px|false|false\u00bb custom_padding_phone=\u00bb|57px||54px|false|false\u00bb custom_padding_last_edited=\u00bbon|phone\u00bb custom_css_main_element=\u00bbborder-radius: 0 30px 30px !important;\u00bb global_colors_info=\u00bb{}\u00bb button_bg_color__hover_enabled=\u00bbon|hover\u00bb button_bg_color__hover=\u00bb#000000&#8243; button_bg_enable_color__hover=\u00bbon\u00bb button_border_color__hover_enabled=\u00bbon|hover\u00bb button_border_color__hover=\u00bb#FFFFFF\u00bb button_letter_spacing__hover_enabled=\u00bbon|hover\u00bb button_letter_spacing__hover=\u00bb0px\u00bb][\/et_pb_button][\/et_pb_column][et_pb_column type=\u00bb1_2&#8243; _builder_version=\u00bb4.16&#8243; _module_preset=\u00bbdefault\u00bb global_colors_info=\u00bb{}\u00bb][et_pb_button button_url=\u00bbhttps:\/\/wa.link\/e5np8h\u00bb button_text=\u00bbConsult\u00e1 por ayuda\u00bb button_alignment=\u00bbleft\u00bb button_alignment_tablet=\u00bbcenter\u00bb button_alignment_phone=\u00bbcenter\u00bb button_alignment_last_edited=\u00bbon|phone\u00bb _builder_version=\u00bb4.22.2&#8243; _module_preset=\u00bbdefault\u00bb custom_button=\u00bbon\u00bb button_text_size=\u00bb14px\u00bb button_text_color=\u00bb#FFFFFF\u00bb button_bg_color=\u00bb#000000&#8243; button_border_width=\u00bb1px\u00bb button_border_color=\u00bb#FFFFFF\u00bb button_border_radius=\u00bb0px\u00bb button_font=\u00bbLexend Deca||||||||\u00bb button_use_icon=\u00bboff\u00bb background_layout=\u00bbdark\u00bb custom_margin=\u00bb0px||0px|7px|false|false\u00bb custom_margin_tablet=\u00bb10px|||0px|false|false\u00bb custom_margin_phone=\u00bb10px||0px|0px|false|false\u00bb custom_margin_last_edited=\u00bbon|phone\u00bb custom_padding=\u00bb20px|35px|18px|35px|false|false\u00bb hover_enabled=\u00bb0&#8243; custom_css_main_element=\u00bbborder-radius: 0 30px 30px !important;\u00bb global_colors_info=\u00bb{}\u00bb button_bg_color__hover_enabled=\u00bbon|hover\u00bb button_bg_color__hover=\u00bb#6a961f\u00bb button_bg_enable_color__hover=\u00bbon\u00bb button_border_color__hover_enabled=\u00bbon|hover\u00bb button_border_color__hover=\u00bb#6a961f\u00bb button_letter_spacing__hover_enabled=\u00bbon|desktop\u00bb button_letter_spacing__hover=\u00bb0px\u00bb sticky_enabled=\u00bb0&#8243;][\/et_pb_button][\/et_pb_column][\/et_pb_row][\/et_pb_section]<\/p>\n","protected":false},"excerpt":{"rendered":"<p>COBA NUTRICI\u00d3NCreamos la alimentaci\u00f3n del futuroSUPLEMENTO ENERG\u00c9TICOSuplemento Energ\u00e9tico Coba es un aditivo nutricional para bovinos<\/p>\n","protected":false},"author":2,"featured_media":0,"parent":0,"menu_order":0,"comment_status":"closed","ping_status":"closed","template":"","meta":{"_et_pb_use_builder":"on","_et_pb_old_content":"<!-- wp:divi\/placeholder \/-->","_et_gb_content_width":"","_joinchat":[],"footnotes":""},"class_list":["post-102","page","type-page","status-publish","hentry"],"_links":{"self":[{"href":"https:\/\/grupocoba.com.ar\/index.php\/wp-json\/wp\/v2\/pages\/102","targetHints":{"allow":["GET"]}}],"collection":[{"href":"https:\/\/grupocoba.com.ar\/index.php\/wp-json\/wp\/v2\/pages"}],"about":[{"href":"https:\/\/grupocoba.com.ar\/index.php\/wp-json\/wp\/v2\/types\/page"}],"author":[{"embeddable":true,"href":"https:\/\/grupocoba.com.ar\/index.php\/wp-json\/wp\/v2\/users\/2"}],"replies":[{"embeddable":true,"href":"https:\/\/grupocoba.com.ar\/index.php\/wp-json\/wp\/v2\/comments?post=102"}],"version-history":[{"count":50,"href":"https:\/\/grupocoba.com.ar\/index.php\/wp-json\/wp\/v2\/pages\/102\/revisions"}],"predecessor-version":[{"id":873,"href":"https:\/\/grupocoba.com.ar\/index.php\/wp-json\/wp\/v2\/pages\/102\/revisions\/873"}],"wp:attachment":[{"href":"https:\/\/grupocoba.com.ar\/index.php\/wp-json\/wp\/v2\/media?parent=102"}],"curies":[{"name":"wp","href":"https:\/\/api.w.org\/{rel}","templated":true}]}}