{"id":295,"date":"2023-04-06T02:37:45","date_gmt":"2023-04-06T02:37:45","guid":{"rendered":"https:\/\/grupocoba.com.ar\/?page_id=295"},"modified":"2023-04-06T02:43:37","modified_gmt":"2023-04-06T02:43:37","slug":"coadyuvante-metilado-siliconado","status":"publish","type":"page","link":"https:\/\/grupocoba.com.ar\/index.php\/coadyuvante-metilado-siliconado\/","title":{"rendered":"Coadyuvante Metilado Siliconado"},"content":{"rendered":"<p>[et_pb_section fb_built=\u00bb1&#8243; admin_label=\u00bbsection\u00bb _builder_version=\u00bb4.20.2&#8243; background_color=\u00bbrgba(0,4,86,0.25)\u00bb background_image=\u00bbhttps:\/\/grupocoba.com.ar\/wp-content\/uploads\/2023\/04\/Diseno-sin-titulo-3.jpg\u00bb background_size=\u00bbinitial\u00bb background_position=\u00bbbottom_center\u00bb background_vertical_offset=\u00bb56%\u00bb background_blend=\u00bbmultiply\u00bb min_height=\u00bb261px\u00bb height=\u00bb502px\u00bb bottom_divider_height=\u00bb82px\u00bb hover_enabled=\u00bb0&#8243; border_width_bottom=\u00bb7px\u00bb border_color_bottom=\u00bb#00a95f\u00bb box_shadow_style=\u00bbpreset1&#8243; global_colors_info=\u00bb{}\u00bb theme_builder_area=\u00bbpost_content\u00bb title_text=\u00bbDise\u00f1o sin t\u00edtulo (3)\u00bb sticky_enabled=\u00bb0&#8243;][et_pb_row column_structure=\u00bb1_2,1_2&#8243; admin_label=\u00bbrow\u00bb _builder_version=\u00bb4.16&#8243; background_size=\u00bbinitial\u00bb background_position=\u00bbtop_left\u00bb background_repeat=\u00bbrepeat\u00bb global_colors_info=\u00bb{}\u00bb theme_builder_area=\u00bbpost_content\u00bb][et_pb_column type=\u00bb1_2&#8243; _builder_version=\u00bb4.16&#8243; custom_padding=\u00bb|||\u00bb global_colors_info=\u00bb{}\u00bb custom_padding__hover=\u00bb|||\u00bb theme_builder_area=\u00bbpost_content\u00bb][et_pb_image src=\u00bbhttps:\/\/grupocoba.com.ar\/wp-content\/uploads\/2023\/04\/Diseno-sin-titulo-6.png\u00bb title_text=\u00bbDise\u00f1o sin t\u00edtulo (6)\u00bb align=\u00bbright\u00bb _builder_version=\u00bb4.20.2&#8243; _module_preset=\u00bbdefault\u00bb width=\u00bb65%\u00bb max_width=\u00bb75%\u00bb hover_enabled=\u00bb0&#8243; global_colors_info=\u00bb{}\u00bb theme_builder_area=\u00bbpost_content\u00bb sticky_enabled=\u00bb0&#8243;][\/et_pb_image][\/et_pb_column][et_pb_column type=\u00bb1_2&#8243; _builder_version=\u00bb4.16&#8243; custom_padding=\u00bb|||\u00bb global_colors_info=\u00bb{}\u00bb custom_padding__hover=\u00bb|||\u00bb theme_builder_area=\u00bbpost_content\u00bb][et_pb_text _builder_version=\u00bb4.20.2&#8243; _module_preset=\u00bbdefault\u00bb text_font=\u00bb|800|||||||\u00bb text_text_color=\u00bb#FFFFFF\u00bb text_font_size=\u00bb50px\u00bb text_line_height=\u00bb1em\u00bb custom_margin=\u00bb213px||||false|false\u00bb hover_enabled=\u00bb0&#8243; global_colors_info=\u00bb{}\u00bb theme_builder_area=\u00bbpost_content\u00bb sticky_enabled=\u00bb0&#8243; text_text_shadow_style=\u00bbpreset1&#8243;]<\/p>\n<p><span style=\"color: #00a95f;\"><img loading=\"lazy\" decoding=\"async\" src=\"https:\/\/grupocoba.com.ar\/wp-content\/uploads\/2023\/04\/icono-coba-300x242.png\" width=\"57\" height=\"46\" alt=\"\" class=\"wp-image-254 alignnone size-medium\" style=\"color: #333333;\" srcset=\"https:\/\/grupocoba.com.ar\/wp-content\/uploads\/2023\/04\/icono-coba-300x242.png 300w, https:\/\/grupocoba.com.ar\/wp-content\/uploads\/2023\/04\/icono-coba.png 316w\" sizes=\"(max-width: 57px) 100vw, 57px\" \/>SILIC<\/span><span style=\"color: #00a95f;\">OBA<\/span> COADYUVANTE<\/p>\n<p>[\/et_pb_text][et_pb_text _builder_version=\u00bb4.20.2&#8243; _module_preset=\u00bbdefault\u00bb text_text_color=\u00bb#FFFFFF\u00bb text_font_size=\u00bb27px\u00bb custom_margin=\u00bb-12px||||false|false\u00bb global_colors_info=\u00bb{}\u00bb theme_builder_area=\u00bbpost_content\u00bb]<\/p>\n<p>Mayor rinde que la competencia<\/p>\n<p>[\/et_pb_text][et_pb_text _builder_version=\u00bb4.20.2&#8243; _module_preset=\u00bbdefault\u00bb text_text_color=\u00bb#000000&#8243; text_font_size=\u00bb16px\u00bb custom_margin=\u00bb81px||||false|false\u00bb global_colors_info=\u00bb{}\u00bb theme_builder_area=\u00bbpost_content\u00bb]<\/p>\n<p>Est\u00e1 indicado para disminuir los riesgos de deriva en aplicaciones de fitosanitarios con condiciones ambientales adversas.<br \/>El efecto de la disminuci\u00f3n de la deriva se produce por el aumento del peso de la gota por el uso de pol\u00edmeros de alto peso molecular en su formulaci\u00f3n.<\/p>\n<p>[\/et_pb_text][\/et_pb_column][\/et_pb_row][et_pb_row column_structure=\u00bb1_2,1_2&#8243; use_custom_gutter=\u00bbon\u00bb gutter_width=\u00bb1&#8243; module_class=\u00bbbtn-inline\u00bb _builder_version=\u00bb4.20.2&#8243; _module_preset=\u00bbdefault\u00bb width=\u00bb90%\u00bb max_width=\u00bb1170px\u00bb custom_margin=\u00bb35px||0px||false|false\u00bb custom_padding=\u00bb0px||0px||false|false\u00bb animation_style=\u00bbslide\u00bb animation_direction=\u00bbbottom\u00bb animation_duration=\u00bb650ms\u00bb animation_delay=\u00bb500ms\u00bb animation_speed_curve=\u00bbease\u00bb custom_css_main_element=\u00bbtext-align:center;\u00bb global_colors_info=\u00bb{}\u00bb theme_builder_area=\u00bbpost_content\u00bb][et_pb_column type=\u00bb1_2&#8243; _builder_version=\u00bb4.16&#8243; _module_preset=\u00bbdefault\u00bb global_colors_info=\u00bb{}\u00bb theme_builder_area=\u00bbpost_content\u00bb][et_pb_button button_url=\u00bbhttps:\/\/grupocoba.com.ar\/index.php\/coba-nutricion\/\u00bb button_text=\u00bbFicha T\u00e9cnica\u00bb button_alignment=\u00bbright\u00bb button_alignment_tablet=\u00bbcenter\u00bb button_alignment_phone=\u00bbcenter\u00bb button_alignment_last_edited=\u00bbon|phone\u00bb _builder_version=\u00bb4.20.2&#8243; _module_preset=\u00bbdefault\u00bb custom_button=\u00bbon\u00bb button_text_size=\u00bb14px\u00bb button_text_color=\u00bb#FFFFFF\u00bb button_bg_color=\u00bb#6a961f\u00bb button_border_width=\u00bb1px\u00bb button_border_color=\u00bb#6a961f\u00bb button_border_radius=\u00bb0px\u00bb button_font=\u00bbLexend Deca||||||||\u00bb button_use_icon=\u00bboff\u00bb background_layout=\u00bbdark\u00bb custom_margin=\u00bb0px|7px|0px||false|false\u00bb custom_margin_tablet=\u00bb0px|0px|0px||false|false\u00bb custom_margin_phone=\u00bb0px|0px|0px||false|false\u00bb custom_margin_last_edited=\u00bbon|phone\u00bb custom_padding=\u00bb20px|35px|18px|35px|false|false\u00bb custom_css_main_element=\u00bbborder-radius: 0 30px 30px !important;\u00bb global_colors_info=\u00bb{}\u00bb button_bg_color__hover_enabled=\u00bbon|hover\u00bb button_bg_color__hover=\u00bb\u00bb button_bg_enable_color__hover=\u00bboff\u00bb button_border_color__hover_enabled=\u00bbon|hover\u00bb button_border_color__hover=\u00bb#FFFFFF\u00bb button_letter_spacing__hover_enabled=\u00bbon|hover\u00bb button_letter_spacing__hover=\u00bb0px\u00bb theme_builder_area=\u00bbpost_content\u00bb][\/et_pb_button][\/et_pb_column][et_pb_column type=\u00bb1_2&#8243; _builder_version=\u00bb4.16&#8243; _module_preset=\u00bbdefault\u00bb global_colors_info=\u00bb{}\u00bb theme_builder_area=\u00bbpost_content\u00bb][et_pb_button button_url=\u00bbhttps:\/\/grupocoba.com.ar\/index.php\/coba-agro\/\u00bb button_text=\u00bbConsult\u00e1 por ayuda\u00bb button_alignment=\u00bbleft\u00bb button_alignment_tablet=\u00bbcenter\u00bb button_alignment_phone=\u00bbcenter\u00bb button_alignment_last_edited=\u00bbon|phone\u00bb _builder_version=\u00bb4.20.2&#8243; _module_preset=\u00bbdefault\u00bb custom_button=\u00bbon\u00bb button_text_size=\u00bb14px\u00bb button_text_color=\u00bb#FFFFFF\u00bb button_bg_color=\u00bb#000000&#8243; button_border_width=\u00bb1px\u00bb button_border_color=\u00bb#FFFFFF\u00bb button_border_radius=\u00bb0px\u00bb button_font=\u00bbLexend Deca||||||||\u00bb button_use_icon=\u00bboff\u00bb background_layout=\u00bbdark\u00bb custom_margin=\u00bb0px||0px|7px|false|false\u00bb custom_margin_tablet=\u00bb10px|||0px|false|false\u00bb custom_margin_phone=\u00bb10px||0px|0px|false|false\u00bb custom_margin_last_edited=\u00bbon|phone\u00bb custom_padding=\u00bb20px|35px|18px|35px|false|false\u00bb custom_css_main_element=\u00bbborder-radius: 0 30px 30px !important;\u00bb global_colors_info=\u00bb{}\u00bb button_bg_color__hover_enabled=\u00bbon|hover\u00bb button_bg_color__hover=\u00bb#6a961f\u00bb button_bg_enable_color__hover=\u00bbon\u00bb button_border_color__hover_enabled=\u00bbon|hover\u00bb button_border_color__hover=\u00bb#6a961f\u00bb button_letter_spacing__hover_enabled=\u00bbon|desktop\u00bb button_letter_spacing__hover=\u00bb0px\u00bb theme_builder_area=\u00bbpost_content\u00bb][\/et_pb_button][\/et_pb_column][\/et_pb_row][et_pb_row _builder_version=\u00bb4.20.2&#8243; _module_preset=\u00bbdefault\u00bb custom_margin=\u00bb14px||||false|false\u00bb global_colors_info=\u00bb{}\u00bb theme_builder_area=\u00bbpost_content\u00bb][et_pb_column type=\u00bb4_4&#8243; _builder_version=\u00bb4.20.2&#8243; _module_preset=\u00bbdefault\u00bb global_colors_info=\u00bb{}\u00bb theme_builder_area=\u00bbpost_content\u00bb][et_pb_accordion open_toggle_text_color=\u00bb#0d3c00&#8243; open_toggle_background_color=\u00bb#f4f5f0&#8243; closed_toggle_background_color=\u00bb#f4f5f0&#8243; icon_color=\u00bb#6a961f\u00bb _builder_version=\u00bb4.20.2&#8243; _module_preset=\u00bbdefault\u00bb toggle_text_color=\u00bb#0d3c00&#8243; toggle_font=\u00bbLexend Deca|700|||||||\u00bb toggle_text_align=\u00bbleft\u00bb toggle_font_size=\u00bb18px\u00bb body_font=\u00bbLexend Deca||||||||\u00bb body_text_align=\u00bbleft\u00bb body_text_color=\u00bb#777777&#8243; body_line_height=\u00bb1.9em\u00bb text_orientation=\u00bbleft\u00bb custom_margin=\u00bb0px||0px||false|false\u00bb custom_padding=\u00bb25px||0px||false|false\u00bb toggle_line_height_tablet=\u00bb\u00bb toggle_line_height_phone=\u00bb1.5em\u00bb toggle_line_height_last_edited=\u00bbon|phone\u00bb border_width_all=\u00bb0px\u00bb global_colors_info=\u00bb{}\u00bb theme_builder_area=\u00bbpost_content\u00bb][et_pb_accordion_item title=\u00bbdisplay none\u00bb open=\u00bbon\u00bb _builder_version=\u00bb4.16&#8243; _module_preset=\u00bbdefault\u00bb custom_css_main_element=\u00bb\t||display:none;\u00bb global_colors_info=\u00bb{}\u00bb theme_builder_area=\u00bbpost_content\u00bb][\/et_pb_accordion_item][et_pb_accordion_item title=\u00bbUt enim ad minima veniam consequatur? \u00bb toggle_icon=\u00bb&#xf067;||fa||900&#8243; _builder_version=\u00bb4.16.0&#8243; _module_preset=\u00bbdefault\u00bb custom_padding=\u00bb25px||30px|40px|false|false\u00bb custom_css_main_element=\u00bb\t\u00bb global_colors_info=\u00bb{}\u00bb theme_builder_area=\u00bbpost_content\u00bb open=\u00bboff\u00bb]<\/p>\n<p><span>Sed ut perspiciatis unde omnis iste natus error sit voluptatem accusan tium doloremque laudantium totam rem aperiam eaque ipsa quae abillo inventore veritatis et quasi architecto beatae vitae dicta<\/span><\/p>\n<p>[\/et_pb_accordion_item][et_pb_accordion_item title=\u00bbSed ut unde omnis iste natus sit volur tatem?\u00bb toggle_icon=\u00bb&#xf067;||fa||900&#8243; _builder_version=\u00bb4.16.0&#8243; _module_preset=\u00bbdefault\u00bb custom_padding=\u00bb25px||30px|40px|false|false\u00bb custom_css_main_element=\u00bb\t\u00bb global_colors_info=\u00bb{}\u00bb theme_builder_area=\u00bbpost_content\u00bb open=\u00bboff\u00bb]<\/p>\n<p><span>Sed ut perspiciatis unde omnis iste natus error sit voluptatem accusan tium doloremque laudantium totam rem aperiam eaque ipsa quae abillo inventore veritatis et quasi architecto beatae vitae dicta<\/span><\/p>\n<p>[\/et_pb_accordion_item][et_pb_accordion_item title=\u00bbAntium laudan tium totam rem aperiam?\u00bb toggle_icon=\u00bb&#xf067;||fa||900&#8243; _builder_version=\u00bb4.16.0&#8243; _module_preset=\u00bbdefault\u00bb custom_padding=\u00bb25px||30px|40px|false|false\u00bb custom_css_main_element=\u00bb\t\u00bb global_colors_info=\u00bb{}\u00bb theme_builder_area=\u00bbpost_content\u00bb open=\u00bboff\u00bb]<\/p>\n<p><span>Sed ut perspiciatis unde omnis iste natus error sit voluptatem accusan tium doloremque laudantium totam rem aperiam eaque ipsa quae abillo inventore veritatis et quasi architecto beatae vitae dicta<\/span><\/p>\n<p>[\/et_pb_accordion_item][et_pb_accordion_item title=\u00bbEaque ipsa ab illo inventore veritatis?\u00bb toggle_icon=\u00bb&#xf067;||fa||900&#8243; _builder_version=\u00bb4.16.0&#8243; _module_preset=\u00bbdefault\u00bb custom_padding=\u00bb25px||30px|40px|false|false\u00bb custom_css_main_element=\u00bb\t\u00bb global_colors_info=\u00bb{}\u00bb theme_builder_area=\u00bbpost_content\u00bb open=\u00bboff\u00bb]<\/p>\n<p><span>Sed ut perspiciatis unde omnis iste natus error sit voluptatem accusan tium doloremque laudantium totam rem aperiam eaque ipsa quae abillo inventore veritatis et quasi architecto beatae vitae dicta<\/span><\/p>\n<p>[\/et_pb_accordion_item][et_pb_accordion_item title=\u00bbUt enim ad minima veniamconsequatur? \u00bb toggle_icon=\u00bb&#xf067;||fa||900&#8243; _builder_version=\u00bb4.16&#8243; _module_preset=\u00bbdefault\u00bb custom_padding=\u00bb25px||30px|40px|false|false\u00bb custom_css_main_element=\u00bb\t\u00bb global_colors_info=\u00bb{}\u00bb theme_builder_area=\u00bbpost_content\u00bb open=\u00bboff\u00bb]<\/p>\n<p><span>Sed ut perspiciatis unde omnis iste natus error sit voluptatem accusan tium doloremque laudantium totam rem aperiam eaque ipsa quae abillo inventore veritatis et quasi architecto beatae vitae dicta<\/span><\/p>\n<p>[\/et_pb_accordion_item][\/et_pb_accordion][\/et_pb_column][\/et_pb_row][\/et_pb_section][et_pb_section fb_built=\u00bb1&#8243; _builder_version=\u00bb4.20.2&#8243; _module_preset=\u00bbdefault\u00bb min_height=\u00bb816px\u00bb global_colors_info=\u00bb{}\u00bb theme_builder_area=\u00bbpost_content\u00bb][\/et_pb_section]<\/p>\n","protected":false},"excerpt":{"rendered":"<p>SILICOBA COADYUVANTEMayor rinde que la competenciaEst\u00e1 indicado para disminuir los riesgos de deriva en aplicaciones de fitosanitarios con condiciones ambientales adversas.El efecto de la disminuci\u00f3n de la deriva se produce por el aumento del peso de la gota por el uso de pol\u00edmeros de alto peso molecular en su formulaci\u00f3n.Sed ut perspiciatis unde omnis iste [&hellip;]<\/p>\n","protected":false},"author":2,"featured_media":0,"parent":0,"menu_order":0,"comment_status":"closed","ping_status":"closed","template":"","meta":{"_et_pb_use_builder":"on","_et_pb_old_content":"","_et_gb_content_width":"","_joinchat":[],"footnotes":""},"class_list":["post-295","page","type-page","status-publish","hentry"],"_links":{"self":[{"href":"https:\/\/grupocoba.com.ar\/index.php\/wp-json\/wp\/v2\/pages\/295","targetHints":{"allow":["GET"]}}],"collection":[{"href":"https:\/\/grupocoba.com.ar\/index.php\/wp-json\/wp\/v2\/pages"}],"about":[{"href":"https:\/\/grupocoba.com.ar\/index.php\/wp-json\/wp\/v2\/types\/page"}],"author":[{"embeddable":true,"href":"https:\/\/grupocoba.com.ar\/index.php\/wp-json\/wp\/v2\/users\/2"}],"replies":[{"embeddable":true,"href":"https:\/\/grupocoba.com.ar\/index.php\/wp-json\/wp\/v2\/comments?post=295"}],"version-history":[{"count":2,"href":"https:\/\/grupocoba.com.ar\/index.php\/wp-json\/wp\/v2\/pages\/295\/revisions"}],"predecessor-version":[{"id":300,"href":"https:\/\/grupocoba.com.ar\/index.php\/wp-json\/wp\/v2\/pages\/295\/revisions\/300"}],"wp:attachment":[{"href":"https:\/\/grupocoba.com.ar\/index.php\/wp-json\/wp\/v2\/media?parent=295"}],"curies":[{"name":"wp","href":"https:\/\/api.w.org\/{rel}","templated":true}]}}